{"id":697,"date":"2021-02-26T20:25:36","date_gmt":"2021-02-26T20:25:36","guid":{"rendered":"https:\/\/swissnex.org\/brazil\/?page_id=697"},"modified":"2022-06-30T11:35:21","modified_gmt":"2022-06-30T14:35:21","slug":"match-making","status":"publish","type":"page","link":"https:\/\/staging.swissnex.org\/brazil\/about-us\/our-work\/innovation\/match-making\/","title":{"rendered":"Match-making"},"content":{"rendered":"","protected":false},"excerpt":{"rendered":"","protected":false},"author":40,"featured_media":0,"parent":365,"menu_order":0,"comment_status":"closed","ping_status":"closed","template":"","meta":{"_acf_changed":false,"_relevanssi_hide_post":"","_relevanssi_hide_content":"","_relevanssi_pin_for_all":"","_relevanssi_pin_keywords":"","_relevanssi_unpin_keywords":"","_relevanssi_related_keywords":"","_relevanssi_related_include_ids":"","_relevanssi_related_exclude_ids":"","_relevanssi_related_no_append":"","_relevanssi_related_not_related":"","_relevanssi_related_posts":"","_relevanssi_noindex_reason":"","footnotes":""},"class_list":["post-697","page","type-page","status-publish","hentry"],"acf":[],"yoast_head":"<!-- This site is optimized with the Yoast SEO plugin v27.2 - https:\/\/yoast.com\/product\/yoast-seo-wordpress\/ -->\n<title>Match-making - Swissnex no Brasil<\/title>\n<meta name=\"robots\" content=\"noindex, follow, max-snippet:-1, max-image-preview:large, max-video-preview:-1\" \/>\n<meta property=\"og:locale\" content=\"en_US\" \/>\n<meta property=\"og:type\" content=\"article\" \/>\n<meta property=\"og:title\" content=\"Match-making - Swissnex no Brasil\" \/>\n<meta property=\"og:url\" content=\"https:\/\/staging.swissnex.org\/brazil\/about-us\/our-work\/innovation\/match-making\/\" \/>\n<meta property=\"og:site_name\" content=\"Swissnex no Brasil\" \/>\n<meta property=\"article:modified_time\" content=\"2022-06-30T14:35:21+00:00\" \/>\n<meta property=\"og:image\" content=\"https:\/\/staging.swissnex.org\/app\/uploads\/sites\/9\/2021\/03\/Flyer14-scaled-1200x628-c-default.jpg\" \/>\n\t<meta property=\"og:image:width\" content=\"1200\" \/>\n\t<meta property=\"og:image:height\" content=\"628\" \/>\n\t<meta property=\"og:image:type\" content=\"image\/jpg\" \/>\n<meta name=\"twitter:card\" content=\"summary_large_image\" \/>\n<script type=\"application\/ld+json\" class=\"yoast-schema-graph\">{\"@context\":\"https:\/\/schema.org\",\"@graph\":[{\"@type\":\"WebPage\",\"@id\":\"https:\/\/staging.swissnex.org\/brazil\/about-us\/our-work\/innovation\/match-making\/\",\"url\":\"https:\/\/staging.swissnex.org\/brazil\/about-us\/our-work\/innovation\/match-making\/\",\"name\":\"Match-making - Swissnex no Brasil\",\"isPartOf\":{\"@id\":\"https:\/\/staging.swissnex.org\/brazil\/#website\"},\"datePublished\":\"2021-02-26T20:25:36+00:00\",\"dateModified\":\"2022-06-30T14:35:21+00:00\",\"breadcrumb\":{\"@id\":\"https:\/\/staging.swissnex.org\/brazil\/about-us\/our-work\/innovation\/match-making\/#breadcrumb\"},\"inLanguage\":\"en-US\",\"potentialAction\":[{\"@type\":\"ReadAction\",\"target\":[\"https:\/\/staging.swissnex.org\/brazil\/about-us\/our-work\/innovation\/match-making\/\"]}]},{\"@type\":\"BreadcrumbList\",\"@id\":\"https:\/\/staging.swissnex.org\/brazil\/about-us\/our-work\/innovation\/match-making\/#breadcrumb\",\"itemListElement\":[{\"@type\":\"ListItem\",\"position\":1,\"name\":\"Home\",\"item\":\"https:\/\/staging.swissnex.org\/brazil\/\"},{\"@type\":\"ListItem\",\"position\":2,\"name\":\"About us\",\"item\":\"https:\/\/staging.swissnex.org\/brazil\/about-us\/\"},{\"@type\":\"ListItem\",\"position\":3,\"name\":\"Our Work\",\"item\":\"https:\/\/staging.swissnex.org\/brazil\/about-us\/our-work\/\"},{\"@type\":\"ListItem\",\"position\":4,\"name\":\"Innovation\",\"item\":\"https:\/\/staging.swissnex.org\/brazil\/about-us\/our-work\/innovation\/\"},{\"@type\":\"ListItem\",\"position\":5,\"name\":\"Match-making\"}]},{\"@type\":\"WebSite\",\"@id\":\"https:\/\/staging.swissnex.org\/brazil\/#website\",\"url\":\"https:\/\/staging.swissnex.org\/brazil\/\",\"name\":\"Swissnex no Brasil\",\"description\":\"Conectando o mundo e a Su\u00ed\u00e7a em ci\u00eancia, educa\u00e7\u00e3o, arte e inova\u00e7\u00e3o.\",\"potentialAction\":[{\"@type\":\"SearchAction\",\"target\":{\"@type\":\"EntryPoint\",\"urlTemplate\":\"https:\/\/staging.swissnex.org\/brazil\/?s={search_term_string}\"},\"query-input\":{\"@type\":\"PropertyValueSpecification\",\"valueRequired\":true,\"valueName\":\"search_term_string\"}}],\"inLanguage\":\"en-US\"}]}<\/script>\n<!-- \/ Yoast SEO plugin. -->","yoast_head_json":{"title":"Match-making - Swissnex no Brasil","robots":{"index":"noindex","follow":"follow","max-snippet":"max-snippet:-1","max-image-preview":"max-image-preview:large","max-video-preview":"max-video-preview:-1"},"og_locale":"en_US","og_type":"article","og_title":"Match-making - Swissnex no Brasil","og_url":"https:\/\/staging.swissnex.org\/brazil\/about-us\/our-work\/innovation\/match-making\/","og_site_name":"Swissnex no Brasil","article_modified_time":"2022-06-30T14:35:21+00:00","og_image":[{"url":"https:\/\/staging.swissnex.org\/app\/uploads\/sites\/9\/2021\/03\/Flyer14-scaled-1200x628-c-default.jpg","width":1200,"height":628,"type":"image\/jpg"}],"twitter_card":"summary_large_image","schema":{"@context":"https:\/\/schema.org","@graph":[{"@type":"WebPage","@id":"https:\/\/staging.swissnex.org\/brazil\/about-us\/our-work\/innovation\/match-making\/","url":"https:\/\/staging.swissnex.org\/brazil\/about-us\/our-work\/innovation\/match-making\/","name":"Match-making - Swissnex no Brasil","isPartOf":{"@id":"https:\/\/staging.swissnex.org\/brazil\/#website"},"datePublished":"2021-02-26T20:25:36+00:00","dateModified":"2022-06-30T14:35:21+00:00","breadcrumb":{"@id":"https:\/\/staging.swissnex.org\/brazil\/about-us\/our-work\/innovation\/match-making\/#breadcrumb"},"inLanguage":"en-US","potentialAction":[{"@type":"ReadAction","target":["https:\/\/staging.swissnex.org\/brazil\/about-us\/our-work\/innovation\/match-making\/"]}]},{"@type":"BreadcrumbList","@id":"https:\/\/staging.swissnex.org\/brazil\/about-us\/our-work\/innovation\/match-making\/#breadcrumb","itemListElement":[{"@type":"ListItem","position":1,"name":"Home","item":"https:\/\/staging.swissnex.org\/brazil\/"},{"@type":"ListItem","position":2,"name":"About us","item":"https:\/\/staging.swissnex.org\/brazil\/about-us\/"},{"@type":"ListItem","position":3,"name":"Our Work","item":"https:\/\/staging.swissnex.org\/brazil\/about-us\/our-work\/"},{"@type":"ListItem","position":4,"name":"Innovation","item":"https:\/\/staging.swissnex.org\/brazil\/about-us\/our-work\/innovation\/"},{"@type":"ListItem","position":5,"name":"Match-making"}]},{"@type":"WebSite","@id":"https:\/\/staging.swissnex.org\/brazil\/#website","url":"https:\/\/staging.swissnex.org\/brazil\/","name":"Swissnex no Brasil","description":"Conectando o mundo e a Su\u00ed\u00e7a em ci\u00eancia, educa\u00e7\u00e3o, arte e inova\u00e7\u00e3o.","potentialAction":[{"@type":"SearchAction","target":{"@type":"EntryPoint","urlTemplate":"https:\/\/staging.swissnex.org\/brazil\/?s={search_term_string}"},"query-input":{"@type":"PropertyValueSpecification","valueRequired":true,"valueName":"search_term_string"}}],"inLanguage":"en-US"}]}},"_links":{"self":[{"href":"https:\/\/staging.swissnex.org\/brazil\/wp-json\/wp\/v2\/pages\/697","targetHints":{"allow":["GET"]}}],"collection":[{"href":"https:\/\/staging.swissnex.org\/brazil\/wp-json\/wp\/v2\/pages"}],"about":[{"href":"https:\/\/staging.swissnex.org\/brazil\/wp-json\/wp\/v2\/types\/page"}],"author":[{"embeddable":true,"href":"https:\/\/staging.swissnex.org\/brazil\/wp-json\/wp\/v2\/users\/40"}],"replies":[{"embeddable":true,"href":"https:\/\/staging.swissnex.org\/brazil\/wp-json\/wp\/v2\/comments?post=697"}],"version-history":[{"count":4,"href":"https:\/\/staging.swissnex.org\/brazil\/wp-json\/wp\/v2\/pages\/697\/revisions"}],"predecessor-version":[{"id":3751,"href":"https:\/\/staging.swissnex.org\/brazil\/wp-json\/wp\/v2\/pages\/697\/revisions\/3751"}],"up":[{"embeddable":true,"href":"https:\/\/staging.swissnex.org\/brazil\/wp-json\/wp\/v2\/pages\/365"}],"wp:attachment":[{"href":"https:\/\/staging.swissnex.org\/brazil\/wp-json\/wp\/v2\/media?parent=697"}],"curies":[{"name":"wp","href":"https:\/\/api.w.org\/{rel}","templated":true}]}}