{"id":9175,"date":"2025-01-20T11:33:20","date_gmt":"2025-01-20T14:33:20","guid":{"rendered":"https:\/\/swissnex.org\/brazil\/?page_id=9175"},"modified":"2025-10-17T07:30:23","modified_gmt":"2025-10-17T10:30:23","slug":"home","status":"publish","type":"page","link":"https:\/\/staging.swissnex.org\/brazil\/","title":{"rendered":"Home"},"content":{"rendered":"","protected":false},"excerpt":{"rendered":"","protected":false},"author":76,"featured_media":4573,"parent":0,"menu_order":0,"comment_status":"closed","ping_status":"closed","template":"page-home.php","meta":{"_acf_changed":false,"_relevanssi_hide_post":"","_relevanssi_hide_content":"","_relevanssi_pin_for_all":"","_relevanssi_pin_keywords":"","_relevanssi_unpin_keywords":"","_relevanssi_related_keywords":"","_relevanssi_related_include_ids":"","_relevanssi_related_exclude_ids":"","_relevanssi_related_no_append":"","_relevanssi_related_not_related":"","_relevanssi_related_posts":"","_relevanssi_noindex_reason":"","footnotes":""},"class_list":["post-9175","page","type-page","status-publish","has-post-thumbnail","hentry"],"acf":[],"yoast_head":"<!-- This site is optimized with the Yoast SEO plugin v27.2 - https:\/\/yoast.com\/product\/yoast-seo-wordpress\/ -->\n<title>Home - Swissnex no Brasil<\/title>\n<meta name=\"description\" content=\"Discover Swissnex in Brazil: Connecting Switzerland and Brazil in education, research, and innovation. Explore partnerships, foster collaborations, and access insights into global trends in technology, science, and creativity.\" \/>\n<meta name=\"robots\" content=\"noindex, follow, max-snippet:-1, max-image-preview:large, max-video-preview:-1\" \/>\n<meta property=\"og:locale\" content=\"en_US\" \/>\n<meta property=\"og:type\" content=\"article\" \/>\n<meta property=\"og:title\" content=\"Home - Swissnex no Brasil\" \/>\n<meta property=\"og:description\" content=\"Discover Swissnex in Brazil: Connecting Switzerland and Brazil in education, research, and innovation. Explore partnerships, foster collaborations, and access insights into global trends in technology, science, and creativity.\" \/>\n<meta property=\"og:url\" content=\"https:\/\/staging.swissnex.org\/brazil\/\" \/>\n<meta property=\"og:site_name\" content=\"Swissnex no Brasil\" \/>\n<meta property=\"article:modified_time\" content=\"2025-10-17T10:30:23+00:00\" \/>\n<meta property=\"og:image\" content=\"https:\/\/staging.swissnex.org\/app\/uploads\/sites\/9\/default.jpg\" \/>\n\t<meta property=\"og:image:width\" content=\"1200\" \/>\n\t<meta property=\"og:image:height\" content=\"628\" \/>\n\t<meta property=\"og:image:type\" content=\"image\/jpg\" \/>\n<meta name=\"twitter:card\" content=\"summary_large_image\" \/>\n<meta name=\"twitter:label1\" content=\"Est. reading time\" \/>\n\t<meta name=\"twitter:data1\" content=\"1 minute\" \/>\n<script type=\"application\/ld+json\" class=\"yoast-schema-graph\">{\"@context\":\"https:\/\/schema.org\",\"@graph\":[{\"@type\":\"WebPage\",\"@id\":\"https:\/\/staging.swissnex.org\/brazil\/\",\"url\":\"https:\/\/staging.swissnex.org\/brazil\/\",\"name\":\"Home - Swissnex no Brasil\",\"isPartOf\":{\"@id\":\"https:\/\/staging.swissnex.org\/brazil\/#website\"},\"primaryImageOfPage\":{\"@id\":\"https:\/\/staging.swissnex.org\/brazil\/#primaryimage\"},\"image\":{\"@id\":\"https:\/\/staging.swissnex.org\/brazil\/#primaryimage\"},\"thumbnailUrl\":\"https:\/\/staging.swissnex.org\/app\/uploads\/sites\/9\/2022\/10\/Guerra_14-09-22_SwissnexRetratoseEscrt37-scaled-e1665091075273.jpg\",\"datePublished\":\"2025-01-20T14:33:20+00:00\",\"dateModified\":\"2025-10-17T10:30:23+00:00\",\"description\":\"Discover Swissnex in Brazil: Connecting Switzerland and Brazil in education, research, and innovation. Explore partnerships, foster collaborations, and access insights into global trends in technology, science, and creativity.\",\"breadcrumb\":{\"@id\":\"https:\/\/staging.swissnex.org\/brazil\/#breadcrumb\"},\"inLanguage\":\"en-US\",\"potentialAction\":[{\"@type\":\"ReadAction\",\"target\":[\"https:\/\/staging.swissnex.org\/brazil\/\"]}]},{\"@type\":\"ImageObject\",\"inLanguage\":\"en-US\",\"@id\":\"https:\/\/staging.swissnex.org\/brazil\/#primaryimage\",\"url\":\"https:\/\/staging.swissnex.org\/app\/uploads\/sites\/9\/2022\/10\/Guerra_14-09-22_SwissnexRetratoseEscrt37-scaled-e1665091075273.jpg\",\"contentUrl\":\"https:\/\/staging.swissnex.org\/app\/uploads\/sites\/9\/2022\/10\/Guerra_14-09-22_SwissnexRetratoseEscrt37-scaled-e1665091075273.jpg\",\"width\":2560,\"height\":1414},{\"@type\":\"BreadcrumbList\",\"@id\":\"https:\/\/staging.swissnex.org\/brazil\/#breadcrumb\",\"itemListElement\":[{\"@type\":\"ListItem\",\"position\":1,\"name\":\"Home\",\"item\":\"https:\/\/staging.swissnex.org\/brazil\/\"},{\"@type\":\"ListItem\",\"position\":2,\"name\":\"Home\"}]},{\"@type\":\"WebSite\",\"@id\":\"https:\/\/staging.swissnex.org\/brazil\/#website\",\"url\":\"https:\/\/staging.swissnex.org\/brazil\/\",\"name\":\"Swissnex no Brasil\",\"description\":\"Conectando o mundo e a Su\u00ed\u00e7a em ci\u00eancia, educa\u00e7\u00e3o, arte e inova\u00e7\u00e3o.\",\"potentialAction\":[{\"@type\":\"SearchAction\",\"target\":{\"@type\":\"EntryPoint\",\"urlTemplate\":\"https:\/\/staging.swissnex.org\/brazil\/?s={search_term_string}\"},\"query-input\":{\"@type\":\"PropertyValueSpecification\",\"valueRequired\":true,\"valueName\":\"search_term_string\"}}],\"inLanguage\":\"en-US\"}]}<\/script>\n<!-- \/ Yoast SEO plugin. -->","yoast_head_json":{"title":"Home - Swissnex no Brasil","description":"Discover Swissnex in Brazil: Connecting Switzerland and Brazil in education, research, and innovation. Explore partnerships, foster collaborations, and access insights into global trends in technology, science, and creativity.","robots":{"index":"noindex","follow":"follow","max-snippet":"max-snippet:-1","max-image-preview":"max-image-preview:large","max-video-preview":"max-video-preview:-1"},"og_locale":"en_US","og_type":"article","og_title":"Home - Swissnex no Brasil","og_description":"Discover Swissnex in Brazil: Connecting Switzerland and Brazil in education, research, and innovation. Explore partnerships, foster collaborations, and access insights into global trends in technology, science, and creativity.","og_url":"https:\/\/staging.swissnex.org\/brazil\/","og_site_name":"Swissnex no Brasil","article_modified_time":"2025-10-17T10:30:23+00:00","og_image":[{"url":"https:\/\/staging.swissnex.org\/app\/uploads\/sites\/9\/default.jpg","width":1200,"height":628,"type":"image\/jpg"}],"twitter_card":"summary_large_image","twitter_misc":{"Est. reading time":"1 minute"},"schema":{"@context":"https:\/\/schema.org","@graph":[{"@type":"WebPage","@id":"https:\/\/staging.swissnex.org\/brazil\/","url":"https:\/\/staging.swissnex.org\/brazil\/","name":"Home - Swissnex no Brasil","isPartOf":{"@id":"https:\/\/staging.swissnex.org\/brazil\/#website"},"primaryImageOfPage":{"@id":"https:\/\/staging.swissnex.org\/brazil\/#primaryimage"},"image":{"@id":"https:\/\/staging.swissnex.org\/brazil\/#primaryimage"},"thumbnailUrl":"https:\/\/staging.swissnex.org\/app\/uploads\/sites\/9\/2022\/10\/Guerra_14-09-22_SwissnexRetratoseEscrt37-scaled-e1665091075273.jpg","datePublished":"2025-01-20T14:33:20+00:00","dateModified":"2025-10-17T10:30:23+00:00","description":"Discover Swissnex in Brazil: Connecting Switzerland and Brazil in education, research, and innovation. Explore partnerships, foster collaborations, and access insights into global trends in technology, science, and creativity.","breadcrumb":{"@id":"https:\/\/staging.swissnex.org\/brazil\/#breadcrumb"},"inLanguage":"en-US","potentialAction":[{"@type":"ReadAction","target":["https:\/\/staging.swissnex.org\/brazil\/"]}]},{"@type":"ImageObject","inLanguage":"en-US","@id":"https:\/\/staging.swissnex.org\/brazil\/#primaryimage","url":"https:\/\/staging.swissnex.org\/app\/uploads\/sites\/9\/2022\/10\/Guerra_14-09-22_SwissnexRetratoseEscrt37-scaled-e1665091075273.jpg","contentUrl":"https:\/\/staging.swissnex.org\/app\/uploads\/sites\/9\/2022\/10\/Guerra_14-09-22_SwissnexRetratoseEscrt37-scaled-e1665091075273.jpg","width":2560,"height":1414},{"@type":"BreadcrumbList","@id":"https:\/\/staging.swissnex.org\/brazil\/#breadcrumb","itemListElement":[{"@type":"ListItem","position":1,"name":"Home","item":"https:\/\/staging.swissnex.org\/brazil\/"},{"@type":"ListItem","position":2,"name":"Home"}]},{"@type":"WebSite","@id":"https:\/\/staging.swissnex.org\/brazil\/#website","url":"https:\/\/staging.swissnex.org\/brazil\/","name":"Swissnex no Brasil","description":"Conectando o mundo e a Su\u00ed\u00e7a em ci\u00eancia, educa\u00e7\u00e3o, arte e inova\u00e7\u00e3o.","potentialAction":[{"@type":"SearchAction","target":{"@type":"EntryPoint","urlTemplate":"https:\/\/staging.swissnex.org\/brazil\/?s={search_term_string}"},"query-input":{"@type":"PropertyValueSpecification","valueRequired":true,"valueName":"search_term_string"}}],"inLanguage":"en-US"}]}},"_links":{"self":[{"href":"https:\/\/staging.swissnex.org\/brazil\/wp-json\/wp\/v2\/pages\/9175","targetHints":{"allow":["GET"]}}],"collection":[{"href":"https:\/\/staging.swissnex.org\/brazil\/wp-json\/wp\/v2\/pages"}],"about":[{"href":"https:\/\/staging.swissnex.org\/brazil\/wp-json\/wp\/v2\/types\/page"}],"author":[{"embeddable":true,"href":"https:\/\/staging.swissnex.org\/brazil\/wp-json\/wp\/v2\/users\/76"}],"replies":[{"embeddable":true,"href":"https:\/\/staging.swissnex.org\/brazil\/wp-json\/wp\/v2\/comments?post=9175"}],"version-history":[{"count":4,"href":"https:\/\/staging.swissnex.org\/brazil\/wp-json\/wp\/v2\/pages\/9175\/revisions"}],"predecessor-version":[{"id":17081,"href":"https:\/\/staging.swissnex.org\/brazil\/wp-json\/wp\/v2\/pages\/9175\/revisions\/17081"}],"wp:featuredmedia":[{"embeddable":true,"href":"https:\/\/staging.swissnex.org\/brazil\/wp-json\/wp\/v2\/media\/4573"}],"wp:attachment":[{"href":"https:\/\/staging.swissnex.org\/brazil\/wp-json\/wp\/v2\/media?parent=9175"}],"curies":[{"name":"wp","href":"https:\/\/api.w.org\/{rel}","templated":true}]}}